{"id":566,"date":"2026-01-15T02:07:46","date_gmt":"2026-01-15T02:07:46","guid":{"rendered":"https:\/\/tarotanaribeiro.com\/?page_id=566"},"modified":"2026-02-03T13:47:42","modified_gmt":"2026-02-03T13:47:42","slug":"astrologia","status":"publish","type":"page","link":"https:\/\/tarotanaribeiro.com\/index.php\/astrologia\/","title":{"rendered":"Astrologia"},"content":{"rendered":"\n<div class=\"wp-block-cover alignfull wd-hero\" style=\"min-height:100vh;aspect-ratio:unset;\"><img alt=\"\" fetchpriority=\"high\" decoding=\"async\" width=\"1024\" height=\"768\" class=\"wp-block-cover__image-background wp-image-629 size-large\" alt=\"\" src=\"https:\/\/tarotanaribeiro.com\/wp-content\/uploads\/2026\/02\/home-1-1024x768.jpeg\" data-object-fit=\"cover\" srcset=\"https:\/\/tarotanaribeiro.com\/wp-content\/uploads\/2026\/02\/home-1-1024x768.jpeg 1024w, https:\/\/tarotanaribeiro.com\/wp-content\/uploads\/2026\/02\/home-1-300x225.jpeg 300w, https:\/\/tarotanaribeiro.com\/wp-content\/uploads\/2026\/02\/home-1-768x576.jpeg 768w, https:\/\/tarotanaribeiro.com\/wp-content\/uploads\/2026\/02\/home-1-1536x1152.jpeg 1536w, https:\/\/tarotanaribeiro.com\/wp-content\/uploads\/2026\/02\/home-1-rotated.jpeg 2040w\" sizes=\"(max-width: 1024px) 100vw, 1024px\" \/><span aria-hidden=\"true\" class=\"wp-block-cover__background has-background-dim-20 has-background-dim wp-block-cover__gradient-background has-background-gradient has-blush-light-purple-gradient-background\"><\/span><div class=\"wp-block-cover__inner-container is-layout-constrained wp-block-cover-is-layout-constrained\">\n<p class=\"has-text-align-center has-x-large-font-size\">Tarot e Astrologia<\/p>\n<\/div><\/div>\n\n\n\n<div class=\"wp-block-cover is-light has-border-color has-vivid-purple-border-color\" style=\"border-width:1px;border-top-left-radius:46px;border-top-right-radius:46px;border-bottom-left-radius:46px;border-bottom-right-radius:46px;min-height:354px;aspect-ratio:unset;\"><img alt=\"\" decoding=\"async\" width=\"1024\" height=\"614\" class=\"wp-block-cover__image-background wp-image-109 size-large\" alt=\"\" src=\"https:\/\/tarotanaribeiro.com\/wp-content\/uploads\/2025\/12\/96eabc0a68567adaff3bc98835e6690a-scaled-e1768442980531-1024x614.webp\" data-object-fit=\"cover\" srcset=\"https:\/\/tarotanaribeiro.com\/wp-content\/uploads\/2025\/12\/96eabc0a68567adaff3bc98835e6690a-scaled-e1768442980531-1024x614.webp 1024w, https:\/\/tarotanaribeiro.com\/wp-content\/uploads\/2025\/12\/96eabc0a68567adaff3bc98835e6690a-scaled-e1768442980531-300x180.webp 300w, https:\/\/tarotanaribeiro.com\/wp-content\/uploads\/2025\/12\/96eabc0a68567adaff3bc98835e6690a-scaled-e1768442980531-768x461.webp 768w, https:\/\/tarotanaribeiro.com\/wp-content\/uploads\/2025\/12\/96eabc0a68567adaff3bc98835e6690a-scaled-e1768442980531.webp 1450w\" sizes=\"(max-width: 1024px) 100vw, 1024px\" \/><span aria-hidden=\"true\" class=\"wp-block-cover__background has-background-dim-0 has-background-dim\" style=\"background-color:#a09283\"><\/span><div class=\"wp-block-cover__inner-container is-layout-constrained wp-block-cover-is-layout-constrained\">\n<p class=\"has-text-align-center has-large-font-size\"><\/p>\n<\/div><\/div>\n\n\n\n<h2 class=\"wp-block-heading has-text-color has-link-color wp-elements-36a25501e4651a84c967da879b8c6fd5\" style=\"color:#f891fa\">Como a astrologia influencia a nossa vida?<\/h2>\n\n\n\n<p>A astrologia funciona como um mapa simb\u00f3lico que nos ajuda a perceber melhor a energia que nos rodeia. Todos os dias somos influenciados pelos movimentos dos planetas, mesmo que n\u00e3o nos apercebamos disso. Quando compreendemos estas tend\u00eancias, conseguimos tomar decis\u00f5es mais conscientes, evitar conflitos desnecess\u00e1rios e aproveitar momentos favor\u00e1veis para agir.<br>A astrologia n\u00e3o determina a nossa vida, mas oferece pistas valiosas sobre o que podemos esperar e como nos posicionamos emocional e energeticamente perante cada situa\u00e7\u00e3o.<\/p>\n\n\n\n<h2 class=\"wp-block-heading has-text-color has-link-color wp-elements-4f6ae192b95af90d0526de366b253b77\" style=\"color:#f891fa\">O que esperar de uma consulta de tarot<\/h2>\n\n\n\n<p>Numa consulta de tarot, o foco \u00e9 voc\u00ea. As cartas funcionam como uma ferramenta de reflex\u00e3o, clareza e orienta\u00e7\u00e3o. N\u00e3o se trata de prever o futuro de forma r\u00edgida, mas sim de iluminar caminhos, identificar bloqueios e mostrar alternativas.<br>Durante a consulta, exploramos os temas que mais o preocupam: amor, carreira, fam\u00edlia, decis\u00f5es importantes ou transforma\u00e7\u00f5es pessoais. O objetivo \u00e9 que alcance maior serenidade, dire\u00e7\u00e3o e confian\u00e7a.<\/p>\n\n\n\n<div class=\"wp-block-columns is-layout-flex wp-container-core-columns-is-layout-28f84493 wp-block-columns-is-layout-flex\">\n<div class=\"wp-block-column is-layout-flow wp-block-column-is-layout-flow\">\n<div class=\"wp-block-cover is-light\" style=\"border-top-left-radius:20px;border-top-right-radius:20px;border-bottom-left-radius:20px;border-bottom-right-radius:20px;min-height:264px;aspect-ratio:unset;\"><img alt=\"\" decoding=\"async\" width=\"337\" height=\"347\" class=\"wp-block-cover__image-background wp-image-21 size-full\" alt=\"\" src=\"https:\/\/tarotanaribeiro.com\/wp-content\/uploads\/2025\/12\/5e3a19d67c69cb9dc5d7bbd521da57c8.webp\" data-object-fit=\"cover\" srcset=\"https:\/\/tarotanaribeiro.com\/wp-content\/uploads\/2025\/12\/5e3a19d67c69cb9dc5d7bbd521da57c8.webp 337w, https:\/\/tarotanaribeiro.com\/wp-content\/uploads\/2025\/12\/5e3a19d67c69cb9dc5d7bbd521da57c8-291x300.webp 291w\" sizes=\"(max-width: 337px) 100vw, 337px\" \/><span aria-hidden=\"true\" class=\"wp-block-cover__background has-background-dim-0 has-background-dim\" style=\"background-color:#a59286\"><\/span><div class=\"wp-block-cover__inner-container is-layout-constrained wp-block-cover-is-layout-constrained\">\n<p class=\"has-text-align-center has-large-font-size\"><\/p>\n<\/div><\/div>\n<\/div>\n\n\n\n<div class=\"wp-block-column is-layout-flow wp-block-column-is-layout-flow\">\n<div class=\"wp-block-cover is-light has-border-color has-vivid-purple-border-color\" style=\"border-width:1px;border-top-left-radius:20px;border-top-right-radius:20px;border-bottom-left-radius:20px;border-bottom-right-radius:20px;min-height:264px;aspect-ratio:unset;\"><img alt=\"\" loading=\"lazy\" decoding=\"async\" width=\"576\" height=\"1024\" class=\"wp-block-cover__image-background wp-image-111 size-large\" alt=\"\" src=\"https:\/\/tarotanaribeiro.com\/wp-content\/uploads\/2025\/12\/931c84965e4fd2662872e35504671abc-scaled-e1768443476824-576x1024.webp\" data-object-fit=\"cover\" srcset=\"https:\/\/tarotanaribeiro.com\/wp-content\/uploads\/2025\/12\/931c84965e4fd2662872e35504671abc-scaled-e1768443476824-576x1024.webp 576w, https:\/\/tarotanaribeiro.com\/wp-content\/uploads\/2025\/12\/931c84965e4fd2662872e35504671abc-scaled-e1768443476824-169x300.webp 169w, https:\/\/tarotanaribeiro.com\/wp-content\/uploads\/2025\/12\/931c84965e4fd2662872e35504671abc-scaled-e1768443476824-768x1364.webp 768w, https:\/\/tarotanaribeiro.com\/wp-content\/uploads\/2025\/12\/931c84965e4fd2662872e35504671abc-scaled-e1768443476824-865x1536.webp 865w, https:\/\/tarotanaribeiro.com\/wp-content\/uploads\/2025\/12\/931c84965e4fd2662872e35504671abc-scaled-e1768443476824-1153x2048.webp 1153w, https:\/\/tarotanaribeiro.com\/wp-content\/uploads\/2025\/12\/931c84965e4fd2662872e35504671abc-scaled-e1768443476824.webp 1441w\" sizes=\"(max-width: 576px) 100vw, 576px\" \/><span aria-hidden=\"true\" class=\"wp-block-cover__background has-background-dim-0 has-background-dim\" style=\"background-color:#b1a8a3\"><\/span><div class=\"wp-block-cover__inner-container is-layout-constrained wp-block-cover-is-layout-constrained\">\n<p class=\"has-text-align-center has-large-font-size\"><\/p>\n<\/div><\/div>\n<\/div>\n<\/div>\n\n\n\n<h2 class=\"wp-block-heading has-text-color has-link-color wp-elements-0ff76dbb96825b9710c1d9c25117b3f0\" style=\"color:#f891fa\">Benef\u00edcios das consultas de tarot<\/h2>\n\n\n\n<ul class=\"wp-block-list\">\n<li>Ver uma situa\u00e7\u00e3o de um ponto de vista mais claro e neutro.<\/li>\n\n\n\n<li>Identificar padr\u00f5es que se repetem e perceber de onde v\u00eam.<\/li>\n\n\n\n<li>Tomar decis\u00f5es com mais seguran\u00e7a.<\/li>\n\n\n\n<li>\u00c9 uma ferramenta poderosa para quem procura equil\u00edbrio e desenvolvimento pessoal<\/li>\n<\/ul>\n\n\n\n<h2 class=\"wp-block-heading has-text-color has-link-color wp-elements-76a26ffb6fcf02621ad6f913aa03a410\" style=\"color:#f891fa\">A diferen\u00e7a entre tarot e astrologia<\/h2>\n\n\n\n<p>Embora se complementem, tarot e astrologia t\u00eam linguagens diferentes.<br>A astrologia baseia-se no movimento dos planetas e na interpreta\u00e7\u00e3o da carta natal, que revela tend\u00eancias profundas da personalidade e momentos marcantes da vida.<br>O tarot, por outro lado, trabalha com arqu\u00e9tipos e simbolismo, oferecendo respostas mais r\u00e1pidas e direcionadas ao presente.<br>Quando usadas em conjunto, ambas as ferramentas enriquecem a compreens\u00e3o do seu caminho.<\/p>\n\n\n\n<div class=\"wp-block-cover is-light has-border-color has-vivid-purple-border-color\" style=\"border-width:1px;border-top-left-radius:46px;border-top-right-radius:46px;border-bottom-left-radius:46px;border-bottom-right-radius:46px;min-height:256px;aspect-ratio:unset;\"><img alt=\"\" decoding=\"async\" width=\"1024\" height=\"614\" class=\"wp-block-cover__image-background wp-image-109 size-large\" alt=\"\" src=\"https:\/\/tarotanaribeiro.com\/wp-content\/uploads\/2025\/12\/96eabc0a68567adaff3bc98835e6690a-scaled-e1768442980531-1024x614.webp\" data-object-fit=\"cover\" srcset=\"https:\/\/tarotanaribeiro.com\/wp-content\/uploads\/2025\/12\/96eabc0a68567adaff3bc98835e6690a-scaled-e1768442980531-1024x614.webp 1024w, https:\/\/tarotanaribeiro.com\/wp-content\/uploads\/2025\/12\/96eabc0a68567adaff3bc98835e6690a-scaled-e1768442980531-300x180.webp 300w, https:\/\/tarotanaribeiro.com\/wp-content\/uploads\/2025\/12\/96eabc0a68567adaff3bc98835e6690a-scaled-e1768442980531-768x461.webp 768w, https:\/\/tarotanaribeiro.com\/wp-content\/uploads\/2025\/12\/96eabc0a68567adaff3bc98835e6690a-scaled-e1768442980531.webp 1450w\" sizes=\"(max-width: 1024px) 100vw, 1024px\" \/><span aria-hidden=\"true\" class=\"wp-block-cover__background has-background-dim-0 has-background-dim\" style=\"background-color:#a09283\"><\/span><div class=\"wp-block-cover__inner-container is-layout-constrained wp-block-cover-is-layout-constrained\">\n<p class=\"has-text-align-center has-large-font-size\"><\/p>\n<\/div><\/div>\n\n\n\n<h2 class=\"wp-block-heading has-text-color has-link-color wp-elements-3fce8c1bb5e2fc0d213b5038d55c993a\" style=\"color:#f891fa\">O prop\u00f3sito do nosso trabalho<\/h2>\n\n\n\n<p>O meu trabalho \u00e9 ajudar a encontrar clareza, for\u00e7a interior e dire\u00e7\u00e3o. Acredito que todos temos intui\u00e7\u00e3o, mas nem sempre sabemos ouvi-la. O tarot e a astrologia ajudam a desbloquear essa capacidade, oferecendo uma vis\u00e3o mais ampla da sua vida e dos desafios que atravessa.<br>Cada consulta \u00e9 um espa\u00e7o seguro, confidencial e acolhedor, pensado para que possa fazer perguntas, refletir&nbsp;e&nbsp;crescer.<\/p>\n\n\n    <section class=\"wd-contact\" id=\"contactos\">\n      <div class=\"wd-contact__wrap wd-contact__wrap--noform\">\n\n        <div class=\"wd-contact__left\">\n          <h2>Entre em Contacto<\/h2>\n          <p>\n            Se preferir uma consulta presencial com a Dr.\u00aa Ana Ribeiro:\n          <\/p>\n\n          <div class=\"wd-contact__info\">\n\n            <div class=\"wd-contact__item\">\n              <div class=\"wd-contact__icon\" aria-hidden=\"true\">\n                <svg viewBox=\"0 0 24 24\" width=\"22\" height=\"22\" fill=\"none\" stroke=\"currentColor\" stroke-width=\"2\">\n                  <path d=\"M12 21s7-4.4 7-11a7 7 0 1 0-14 0c0 6.6 7 11 7 11z\"><\/path>\n                  <circle cx=\"12\" cy=\"10\" r=\"2.5\"><\/circle>\n                <\/svg>\n              <\/div>\n              <div>\n                <div class=\"wd-contact__label\">Localiza\u00e7\u00e3o<\/div>\n                <div class=\"wd-contact__value\">Av. D. Manuel I, 761 Loja B, 4585-013 Baltar<\/div>\n              <\/div>\n            <\/div>\n\n            <div class=\"wd-contact__item\">\n              <div class=\"wd-contact__icon\" aria-hidden=\"true\">\n                <svg viewBox=\"0 0 24 24\" width=\"22\" height=\"22\" fill=\"none\" stroke=\"currentColor\" stroke-width=\"2\">\n                  <path d=\"M22 16.9v3a2 2 0 0 1-2.2 2 19.8 19.8 0 0 1-8.6-3.1 19.4 19.4 0 0 1-6-6A19.8 19.8 0 0 1 2.1 4.2 2 2 0 0 1 4.1 2h3a2 2 0 0 1 2 1.7c.1.9.3 1.8.6 2.7a2 2 0 0 1-.5 2.1L8.1 9.6a16 16 0 0 0 6.3 6.3l1.1-1.1a2 2 0 0 1 2.1-.5c.9.3 1.8.5 2.7.6A2 2 0 0 1 22 16.9z\"><\/path>\n                <\/svg>\n              <\/div>\n              <div>\n                <div class=\"wd-contact__label\">Telefone<\/div>\n                <div class=\"wd-contact__value\">\n                  <a href=\"tel:+351914449381\">\n                    (+351) 914 449 381\n                    <small class=\"wd-contact__legal\">(chamada para rede m\u00f3vel nacional)<\/small>\n                  <\/a>\n                <\/div>\n              <\/div>\n            <\/div>\n\n            <div class=\"wd-contact__item\">\n              <div class=\"wd-contact__icon\" aria-hidden=\"true\">\n                <svg viewBox=\"0 0 24 24\" width=\"22\" height=\"22\" fill=\"none\" stroke=\"currentColor\" stroke-width=\"2\">\n                  <path d=\"M4 4h16v16H4z\"><\/path>\n                  <path d=\"M22 6 12 13 2 6\"><\/path>\n                <\/svg>\n              <\/div>\n              <div>\n                <div class=\"wd-contact__label\">E-mail<\/div>\n                <div class=\"wd-contact__value\">\n                  <a href=\"mailto:anaribeiro@tarotanaribeiro.com\">anaribeiro@tarotanaribeiro.com<\/a>\n                <\/div>\n              <\/div>\n            <\/div>\n\n          <\/div>\n        <\/div>\n\n        \n      <\/div>\n    <\/section>\n    \n","protected":false},"excerpt":{"rendered":"<p>Como a astrologia influencia a nossa vida? A astrologia funciona como um mapa simb\u00f3lico que nos ajuda a perceber melhor a energia que nos rodeia. Todos os dias somos influenciados pelos movimentos dos planetas, mesmo que n\u00e3o nos apercebamos disso. Quando compreendemos estas tend\u00eancias, conseguimos tomar decis\u00f5es mais conscientes, evitar conflitos desnecess\u00e1rios e aproveitar momentos [&hellip;]<\/p>\n","protected":false},"author":1,"featured_media":0,"parent":0,"menu_order":0,"comment_status":"closed","ping_status":"closed","template":"","meta":{"_seopress_robots_primary_cat":"","_seopress_titles_title":"","_seopress_titles_desc":"","_seopress_robots_index":"","footnotes":""},"class_list":["post-566","page","type-page","status-publish","hentry"],"blocksy_meta":[],"_links":{"self":[{"href":"https:\/\/tarotanaribeiro.com\/index.php\/wp-json\/wp\/v2\/pages\/566","targetHints":{"allow":["GET"]}}],"collection":[{"href":"https:\/\/tarotanaribeiro.com\/index.php\/wp-json\/wp\/v2\/pages"}],"about":[{"href":"https:\/\/tarotanaribeiro.com\/index.php\/wp-json\/wp\/v2\/types\/page"}],"author":[{"embeddable":true,"href":"https:\/\/tarotanaribeiro.com\/index.php\/wp-json\/wp\/v2\/users\/1"}],"replies":[{"embeddable":true,"href":"https:\/\/tarotanaribeiro.com\/index.php\/wp-json\/wp\/v2\/comments?post=566"}],"version-history":[{"count":8,"href":"https:\/\/tarotanaribeiro.com\/index.php\/wp-json\/wp\/v2\/pages\/566\/revisions"}],"predecessor-version":[{"id":642,"href":"https:\/\/tarotanaribeiro.com\/index.php\/wp-json\/wp\/v2\/pages\/566\/revisions\/642"}],"wp:attachment":[{"href":"https:\/\/tarotanaribeiro.com\/index.php\/wp-json\/wp\/v2\/media?parent=566"}],"curies":[{"name":"wp","href":"https:\/\/api.w.org\/{rel}","templated":true}]}}