{"id":250,"date":"2026-01-11T18:55:31","date_gmt":"2026-01-11T18:55:31","guid":{"rendered":"https:\/\/tarotanaribeiro.com\/?page_id=250"},"modified":"2026-02-06T16:54:28","modified_gmt":"2026-02-06T16:54:28","slug":"biografia","status":"publish","type":"page","link":"https:\/\/tarotanaribeiro.com\/index.php\/biografia\/","title":{"rendered":"Biografia"},"content":{"rendered":"\n<div class=\"wp-block-cover alignfull has-parallax wd-bio-hero\" style=\"min-height:100vh;aspect-ratio:unset;\"><div class=\"wp-block-cover__image-background wp-image-627 size-full has-parallax\" style=\"background-position:50% 50%;background-image:url(https:\/\/tarotanaribeiro.com\/wp-content\/uploads\/2026\/02\/7-rotated.jpeg)\"><\/div><span aria-hidden=\"true\" class=\"wp-block-cover__background has-background-dim\" style=\"background-color:#333333\"><\/span><div class=\"wp-block-cover__inner-container is-layout-constrained wp-block-cover-is-layout-constrained\">\n<div class=\"wp-block-group alignfull wd-bio-pill is-layout-constrained wp-block-group-is-layout-constrained\">\n<h2 class=\"wp-block-heading has-text-align-center has-palette-color-7-color has-text-color has-background has-link-color wp-elements-3767c523768d2704f0b08d159372379b\" style=\"background-color:#ffffff00;padding-top:0;padding-bottom:0\"><strong>Biografia<\/strong><\/h2>\n\n\n\n<h2 class=\"wp-block-heading has-text-align-center has-palette-color-7-color has-text-color has-link-color wp-elements-72624cf7e81abb55ec9475af5c52b9f0\" style=\"margin-top:0;margin-right:0;margin-bottom:0;margin-left:0\">DRA. ANA RIBEIRO<\/h2>\n<\/div>\n<\/div><\/div>\n\n\n\n<div class=\"wp-block-group wd-about is-layout-constrained wp-block-group-is-layout-constrained\" style=\"padding-top:var(--wp--preset--spacing--40);padding-bottom:var(--wp--preset--spacing--40)\">\n<div class=\"wp-block-columns is-layout-flex wp-container-core-columns-is-layout-28f84493 wp-block-columns-is-layout-flex\">\n<div class=\"wp-block-column wd-about-card is-layout-flow wp-block-column-is-layout-flow\">\n<div class=\"wp-block-group is-vertical is-content-justification-center is-layout-flex wp-container-core-group-is-layout-ce155fab wp-block-group-is-layout-flex\">\n<div class=\"wp-block-group wd-bio-card has-border-color has-background is-layout-constrained wp-container-core-group-is-layout-639b5052 wp-block-group-is-layout-constrained\" style=\"border-color:#ba67bc;border-width:1px;border-top-left-radius:14px;border-top-right-radius:14px;border-bottom-left-radius:14px;border-bottom-right-radius:14px;background-color:#fff6ff;padding-top:0;padding-right:0;padding-bottom:0;padding-left:0\">\n<figure class=\"wp-block-image aligncenter size-full is-resized\"><img alt=\"\" fetchpriority=\"high\" decoding=\"async\" width=\"509\" height=\"541\" src=\"https:\/\/tarotanaribeiro.com\/wp-content\/uploads\/2025\/12\/35fec2cd82b95a18f3cd13e39fbf791e.webp\" alt=\"\" class=\"wp-image-25\" style=\"width:306px;height:auto\" srcset=\"https:\/\/tarotanaribeiro.com\/wp-content\/uploads\/2025\/12\/35fec2cd82b95a18f3cd13e39fbf791e.webp 509w, https:\/\/tarotanaribeiro.com\/wp-content\/uploads\/2025\/12\/35fec2cd82b95a18f3cd13e39fbf791e-282x300.webp 282w\" sizes=\"(max-width: 509px) 100vw, 509px\" \/><\/figure>\n\n\n\n<h3 class=\"wp-block-heading has-text-align-center has-text-color has-link-color wp-elements-4876153ef8805a983b57d5c073a5bc8b\" style=\"color:#ba67bc;margin-top:0;margin-bottom:0;padding-top:0;padding-bottom:var(--wp--preset--spacing--30)\">Dra. Ana Ribeiro<\/h3>\n\n\n\n<p class=\"has-text-align-center has-small-font-size\" style=\"padding-right:0;padding-bottom:var(--wp--preset--spacing--40)\">M\u00c9DIUM, TAR\u00d3LOGA CARTOMANTE E<br>TERAPEUTA HOL\u00cdSTICA<\/p>\n<\/div>\n<\/div>\n<\/div>\n\n\n\n<div class=\"wp-block-column is-layout-flow wp-block-column-is-layout-flow\">\n<h2 class=\"wp-block-heading wd-about__title has-text-color has-link-color wp-elements-eda20ee66b1eb3025158efb001316706\" style=\"color:#ba67bc\">Dra. Ana Ribeiro<\/h2>\n\n\n\n<p class=\"wd-about__subtitle has-text-color\" style=\"color:#ba67bc\">M\u00e9dium, Tar\u00f3loga Cartomante e Terapeuta Hol\u00edstica<\/p>\n\n\n\n<p class=\"wd-about__text\">Desde jovem, percebi que possu\u00eda uma conex\u00e3o \u00fanica com o mundo<br>espiritual, o que me levou a dedicar a minha vida ao estudo e pr\u00e1tica das<br>artes esot\u00e9ricas.<br><br>Ao longo dos anos, desenvolvi a minha mediunidade e experi\u00eancia em v\u00e1rias \u00e1reas, incluindo a cartomancia e o tarot, que me permitem oferecer orienta\u00e7\u00f5es precisas e<br>personalizadas. Al\u00e9m disso, sou formadora e trabalho com produtos esot\u00e9ricos que complementam as terapias espirituais. Minha miss\u00e3o \u00e9 guiar voc\u00ea em momentos de incerteza, trazendo clareza e paz ao seu caminho.<\/p>\n\n\n<div class=\"wp-block-site-logo\"><a href=\"https:\/\/tarotanaribeiro.com\/\" class=\"custom-logo-link\" rel=\"home\"><img decoding=\"async\" width=\"223\" height=\"85\" src=\"https:\/\/tarotanaribeiro.com\/wp-content\/uploads\/2026\/01\/logo_cores-1.png\" class=\"custom-logo\" alt=\"Tarot | Ana Ribeiro\" \/><\/a><\/div><\/div>\n<\/div>\n<\/div>\n\n\n\n\n\n<blockquote class=\"wp-block-quote is-style-plain is-layout-flow wp-block-quote-is-layout-flow\">\n<p>Numa consulta de tarot poder\u00e1 contar com uma orienta\u00e7\u00e3o assertiva dos nossos consultores, todos formados pela Dr.\u00aa Ana Ribeiro.<br>Ir\u00e3o gui\u00e1-la para tomar as decis\u00f5es acertadas.<br>Todas as consultas s\u00e3o sigilosas, ao mesmo tempo que ter\u00e1 aconselhamento espiritual.<br>Pode contar sempre com a honestidade dos meus consultores.<br><em>Cuidar de n\u00f3s \u00e9 fundamental para uma vida pr\u00f3spera.<\/em><br><br><em>A Dr\u00aa. Ana Ribeiro, trabalhou na radio cultura da Madeira e na Novum Canal<\/em><\/p>\n<\/blockquote>\n\n\n    <section class=\"wd-contact\" id=\"contactos\">\n      <div class=\"wd-contact__wrap wd-contact__wrap--noform\">\n\n        <div class=\"wd-contact__left\">\n          <h2>Entre em Contacto<\/h2>\n          <p>\n            Se preferir uma consulta presencial com a Dr.\u00aa Ana Ribeiro:\n          <\/p>\n\n          <div class=\"wd-contact__info\">\n\n            <div class=\"wd-contact__item\">\n              <div class=\"wd-contact__icon\" aria-hidden=\"true\">\n                <svg viewBox=\"0 0 24 24\" width=\"22\" height=\"22\" fill=\"none\" stroke=\"currentColor\" stroke-width=\"2\">\n                  <path d=\"M12 21s7-4.4 7-11a7 7 0 1 0-14 0c0 6.6 7 11 7 11z\"><\/path>\n                  <circle cx=\"12\" cy=\"10\" r=\"2.5\"><\/circle>\n                <\/svg>\n              <\/div>\n              <div>\n                <div class=\"wd-contact__label\">Localiza\u00e7\u00e3o<\/div>\n                <div class=\"wd-contact__value\">Av. D. Manuel I, 761 Loja B, 4585-013 Baltar<\/div>\n              <\/div>\n            <\/div>\n\n            <div class=\"wd-contact__item\">\n              <div class=\"wd-contact__icon\" aria-hidden=\"true\">\n                <svg viewBox=\"0 0 24 24\" width=\"22\" height=\"22\" fill=\"none\" stroke=\"currentColor\" stroke-width=\"2\">\n                  <path d=\"M22 16.9v3a2 2 0 0 1-2.2 2 19.8 19.8 0 0 1-8.6-3.1 19.4 19.4 0 0 1-6-6A19.8 19.8 0 0 1 2.1 4.2 2 2 0 0 1 4.1 2h3a2 2 0 0 1 2 1.7c.1.9.3 1.8.6 2.7a2 2 0 0 1-.5 2.1L8.1 9.6a16 16 0 0 0 6.3 6.3l1.1-1.1a2 2 0 0 1 2.1-.5c.9.3 1.8.5 2.7.6A2 2 0 0 1 22 16.9z\"><\/path>\n                <\/svg>\n              <\/div>\n              <div>\n                <div class=\"wd-contact__label\">Telefone<\/div>\n                <div class=\"wd-contact__value\">\n                  <a href=\"tel:+351914449381\">\n                    (+351) 914 449 381\n                    <small class=\"wd-contact__legal\">(chamada para rede m\u00f3vel nacional)<\/small>\n                  <\/a>\n                <\/div>\n              <\/div>\n            <\/div>\n\n            <div class=\"wd-contact__item\">\n              <div class=\"wd-contact__icon\" aria-hidden=\"true\">\n                <svg viewBox=\"0 0 24 24\" width=\"22\" height=\"22\" fill=\"none\" stroke=\"currentColor\" stroke-width=\"2\">\n                  <path d=\"M4 4h16v16H4z\"><\/path>\n                  <path d=\"M22 6 12 13 2 6\"><\/path>\n                <\/svg>\n              <\/div>\n              <div>\n                <div class=\"wd-contact__label\">E-mail<\/div>\n                <div class=\"wd-contact__value\">\n                  <a href=\"mailto:anaribeiro@tarotanaribeiro.com\">anaribeiro@tarotanaribeiro.com<\/a>\n                <\/div>\n              <\/div>\n            <\/div>\n\n          <\/div>\n        <\/div>\n\n        \n      <\/div>\n    <\/section>\n    \n\n\n\n<p><\/p>\n","protected":false},"excerpt":{"rendered":"<p>Dra. Ana Ribeiro M\u00c9DIUM, TAR\u00d3LOGA CARTOMANTE ETERAPEUTA HOL\u00cdSTICA Dra. Ana Ribeiro M\u00e9dium, Tar\u00f3loga Cartomante e Terapeuta Hol\u00edstica Desde jovem, percebi que possu\u00eda uma conex\u00e3o \u00fanica com o mundoespiritual, o que me levou a dedicar a minha vida ao estudo e pr\u00e1tica dasartes esot\u00e9ricas. Ao longo dos anos, desenvolvi a minha mediunidade e experi\u00eancia em v\u00e1rias [&hellip;]<\/p>\n","protected":false},"author":1,"featured_media":0,"parent":0,"menu_order":0,"comment_status":"closed","ping_status":"closed","template":"","meta":{"_seopress_robots_primary_cat":"","_seopress_titles_title":"","_seopress_titles_desc":"","_seopress_robots_index":"","footnotes":""},"class_list":["post-250","page","type-page","status-publish","hentry"],"blocksy_meta":{"has_hero_section":"disabled","styles_descriptor":{"styles":{"desktop":"","tablet":"","mobile":""},"google_fonts":[],"version":6}},"_links":{"self":[{"href":"https:\/\/tarotanaribeiro.com\/index.php\/wp-json\/wp\/v2\/pages\/250","targetHints":{"allow":["GET"]}}],"collection":[{"href":"https:\/\/tarotanaribeiro.com\/index.php\/wp-json\/wp\/v2\/pages"}],"about":[{"href":"https:\/\/tarotanaribeiro.com\/index.php\/wp-json\/wp\/v2\/types\/page"}],"author":[{"embeddable":true,"href":"https:\/\/tarotanaribeiro.com\/index.php\/wp-json\/wp\/v2\/users\/1"}],"replies":[{"embeddable":true,"href":"https:\/\/tarotanaribeiro.com\/index.php\/wp-json\/wp\/v2\/comments?post=250"}],"version-history":[{"count":24,"href":"https:\/\/tarotanaribeiro.com\/index.php\/wp-json\/wp\/v2\/pages\/250\/revisions"}],"predecessor-version":[{"id":712,"href":"https:\/\/tarotanaribeiro.com\/index.php\/wp-json\/wp\/v2\/pages\/250\/revisions\/712"}],"wp:attachment":[{"href":"https:\/\/tarotanaribeiro.com\/index.php\/wp-json\/wp\/v2\/media?parent=250"}],"curies":[{"name":"wp","href":"https:\/\/api.w.org\/{rel}","templated":true}]}}